{"id":15,"date":"2013-06-03T15:28:11","date_gmt":"2013-06-03T14:28:11","guid":{"rendered":"http:\/\/www.paliria.org\/wp\/?page_id=15"},"modified":"2019-07-11T08:29:23","modified_gmt":"2019-07-11T06:29:23","slug":"les-guides","status":"publish","type":"page","link":"http:\/\/www.paliria.org\/wp\/?page_id=15","title":{"rendered":"Les Guides"},"content":{"rendered":"<p>&nbsp;<\/p>\n<p><a href=\"https:\/\/i0.wp.com\/www.paliria.org\/wp\/wp-content\/uploads\/2011\/03\/GUIDES-5.jpg\"><img data-recalc-dims=\"1\" loading=\"lazy\" decoding=\"async\" class=\"size-medium wp-image-209 alignleft\" title=\"GUIDES 5\" src=\"https:\/\/i0.wp.com\/www.paliria.org\/wp\/wp-content\/uploads\/2011\/03\/GUIDES-5.jpg?resize=300%2C224\" alt=\"\" width=\"300\" height=\"224\" \/><\/a><\/p>\n<p style=\"text-align: justify;\"><span style=\"color: #003366;\">Le groupe des guides est compos\u00e9 de filles \u00e2g\u00e9es de 12 \u00e0 14 ans. Elles naviguent \u00e0 l\u2019aviron sur des pinassottes en bois d\u2019environ 9 m. Leurs navigations se font en aval comme en amont de Bordeaux sur la Garonne. Les guides sont divis\u00e9es en deux \u00e9quipages r\u00e9partis sur chaque bateau.<\/span><\/p>\n<p><a href=\"https:\/\/i0.wp.com\/www.paliria.org\/wp\/wp-content\/uploads\/2011\/03\/GUIDES-6.jpg\"><img data-recalc-dims=\"1\" loading=\"lazy\" decoding=\"async\" class=\"aligncenter size-medium wp-image-210\" title=\"GUIDES 6\" src=\"https:\/\/i0.wp.com\/www.paliria.org\/wp\/wp-content\/uploads\/2011\/03\/GUIDES-6.jpg?resize=300%2C224\" alt=\"\" width=\"300\" height=\"224\" \/><\/a><\/p>\n<p>&nbsp;<\/p>\n<p style=\"text-align: justify;\"><span style=\"color: #003366;\">Au sein de chaque \u00e9quipage, deux bord\u00e9es sont dirig\u00e9es par un chef de bord\u00e9e choisi au sein des guides. Les guides apprennent donc toutes \u00e0 naviguer, calculer les mar\u00e9es, comprendre les bases de la navigation, les n\u0153uds, les r\u00e8gles de s\u00e9curit\u00e9\u2026<\/span><\/p>\n<p style=\"text-align: justify;\"><a href=\"https:\/\/i0.wp.com\/www.paliria.org\/wp\/wp-content\/uploads\/2011\/03\/GUIDES-4.jpg\"><img data-recalc-dims=\"1\" loading=\"lazy\" decoding=\"async\" class=\"alignleft size-medium wp-image-211\" title=\"GUIDES 4\" src=\"https:\/\/i0.wp.com\/www.paliria.org\/wp\/wp-content\/uploads\/2011\/03\/GUIDES-4.jpg?resize=300%2C224\" alt=\"\" width=\"300\" height=\"224\" \/><\/a><\/p>\n<p style=\"text-align: justify;\"><span style=\"color: #003366;\">En plus des navigations, les guides ont \u00e9galement une r\u00e9elle vie \u00e0 terre durant l\u2019ann\u00e9e comme l\u2019\u00e9t\u00e9. Durant cette vie\u00a0 \u00ab\u00a0terrienne\u00a0\u00bb, les guides apprennent \u00e0 camper, font des jeux : olympiades, concours cuisine.<\/span><\/p>\n<p>&nbsp;<\/p>\n<p>&nbsp;<\/p>\n<p>&nbsp;<\/p>\n<p style=\"text-align: justify;\"><span style=\"color: #003366;\">Durant toute l\u2019ann\u00e9e, les guides se r\u00e9unissent environ 1 \u00e0 2\u00a0fois par mois pour des navigations, des c\u00e9l\u00e9brations, des activit\u00e9s \u00e0 terre, la veill\u00e9e de No\u00ebl, des week-ends\u2026 L\u2019ann\u00e9e se termine par le camp d\u2019\u00e9t\u00e9 o\u00f9 elles\u00a0partent pour 15 jours en bateau en s\u2019arr\u00eatant chaque soir \u00e0 terre, sur la Garonne ou\u00a0en dehors (Charente, Canal du Midi\u2026).<\/span><\/p>\n<p style=\"text-align: justify;\"><span style=\"color: #003366;\"><a style=\"color: #003366;\" href=\"https:\/\/i0.wp.com\/www.paliria.org\/wp\/wp-content\/uploads\/2011\/03\/GUIDES-3.jpg\"><img data-recalc-dims=\"1\" loading=\"lazy\" decoding=\"async\" class=\"size-medium wp-image-212 alignright\" title=\"GUIDES 3\" src=\"https:\/\/i0.wp.com\/www.paliria.org\/wp\/wp-content\/uploads\/2011\/03\/GUIDES-3.jpg?resize=300%2C224\" alt=\"\" width=\"300\" height=\"224\" \/><\/a><\/span><\/p>\n<p style=\"text-align: justify;\"><span style=\"color: #003366;\">Tout au long de l\u2019ann\u00e9e, les guides apprennent le sens des responsabilit\u00e9s, l\u2019autonomie, la vie en communaut\u00e9, l\u2019ouverture au monde. Elles\u00a0ont \u00e9galement des activit\u00e9s spirituelles avec des messes, des lectures bibliques\u2026 Les guides sont encadr\u00e9es par des cheftaines majeures durant les activit\u00e9s \u00e0 terre comme sur l\u2019eau. Ces cheftaines ont des comp\u00e9tences en bateau mais \u00e9galement en animation, elles sont dot\u00e9es du BAFA.<\/span><\/p>\n","protected":false},"excerpt":{"rendered":"<p>&nbsp; Le groupe des guides est compos\u00e9 de filles \u00e2g\u00e9es de 12 \u00e0 14 ans. Elles naviguent \u00e0 l\u2019aviron sur des pinassottes en bois d\u2019environ 9 m. Leurs navigations se font en aval comme en amont de Bordeaux sur la Garonne. Les guides sont divis\u00e9es en deux \u00e9quipages r\u00e9partis sur chaque bateau. &nbsp; Au sein de chaque \u00e9quipage, deux bord\u00e9es sont dirig\u00e9es par un chef de bord\u00e9e choisi au sein des guides. Les guides apprennent donc toutes \u00e0 naviguer, calculer&#8230;<\/p>\n<p class=\"read-more\"><a class=\"btn btn-default\" href=\"http:\/\/www.paliria.org\/wp\/?page_id=15\">Lire la suite<span class=\"screen-reader-text\"> Lire la suite<\/span><\/a><\/p>\n","protected":false},"author":1,"featured_media":0,"parent":0,"menu_order":4,"comment_status":"closed","ping_status":"open","template":"","meta":{"footnotes":""},"class_list":["post-15","page","type-page","status-publish","hentry"],"jetpack_sharing_enabled":true,"jetpack_shortlink":"https:\/\/wp.me\/P5AQp2-f","jetpack_likes_enabled":true,"jetpack-related-posts":[],"_links":{"self":[{"href":"http:\/\/www.paliria.org\/wp\/index.php?rest_route=\/wp\/v2\/pages\/15","targetHints":{"allow":["GET"]}}],"collection":[{"href":"http:\/\/www.paliria.org\/wp\/index.php?rest_route=\/wp\/v2\/pages"}],"about":[{"href":"http:\/\/www.paliria.org\/wp\/index.php?rest_route=\/wp\/v2\/types\/page"}],"author":[{"embeddable":true,"href":"http:\/\/www.paliria.org\/wp\/index.php?rest_route=\/wp\/v2\/users\/1"}],"replies":[{"embeddable":true,"href":"http:\/\/www.paliria.org\/wp\/index.php?rest_route=%2Fwp%2Fv2%2Fcomments&post=15"}],"version-history":[{"count":1,"href":"http:\/\/www.paliria.org\/wp\/index.php?rest_route=\/wp\/v2\/pages\/15\/revisions"}],"predecessor-version":[{"id":650,"href":"http:\/\/www.paliria.org\/wp\/index.php?rest_route=\/wp\/v2\/pages\/15\/revisions\/650"}],"wp:attachment":[{"href":"http:\/\/www.paliria.org\/wp\/index.php?rest_route=%2Fwp%2Fv2%2Fmedia&parent=15"}],"curies":[{"name":"wp","href":"https:\/\/api.w.org\/{rel}","templated":true}]}}