{"id":355,"date":"2014-01-12T20:13:16","date_gmt":"2014-01-12T19:13:16","guid":{"rendered":"http:\/\/www.paliria.org\/wp\/?page_id=355"},"modified":"2020-08-18T16:40:08","modified_gmt":"2020-08-18T14:40:08","slug":"boite-a-outils","status":"publish","type":"page","link":"http:\/\/www.paliria.org\/wp\/?page_id=355","title":{"rendered":"Informations Parents"},"content":{"rendered":"<div id=\"pageBlanche\">\n<div align=\"center\">\n<p align=\"left\"><a href=\"http:\/\/www.paliria.org\/wp\/wp-content\/uploads\/2019\/09\/Pr\u00e9sentation-groupe-marin-2019-2020.pdf\">Pr\u00e9sentation G\u00e9n\u00e9rale du Groupe<\/a><\/p>\n<p align=\"left\"><a href=\"http:\/\/www.paliria.org\/wp\/?page_id=620\">Informations Utiles<\/a><\/p>\n<\/div>\n<\/div>\n","protected":false},"excerpt":{"rendered":"<p>Pr\u00e9sentation G\u00e9n\u00e9rale du Groupe Informations Utiles<\/p>\n","protected":false},"author":1,"featured_media":0,"parent":0,"menu_order":9,"comment_status":"closed","ping_status":"open","template":"","meta":{"footnotes":""},"class_list":["post-355","page","type-page","status-publish","hentry"],"jetpack_sharing_enabled":true,"jetpack_shortlink":"https:\/\/wp.me\/P5AQp2-5J","jetpack_likes_enabled":true,"jetpack-related-posts":[],"_links":{"self":[{"href":"http:\/\/www.paliria.org\/wp\/index.php?rest_route=\/wp\/v2\/pages\/355","targetHints":{"allow":["GET"]}}],"collection":[{"href":"http:\/\/www.paliria.org\/wp\/index.php?rest_route=\/wp\/v2\/pages"}],"about":[{"href":"http:\/\/www.paliria.org\/wp\/index.php?rest_route=\/wp\/v2\/types\/page"}],"author":[{"embeddable":true,"href":"http:\/\/www.paliria.org\/wp\/index.php?rest_route=\/wp\/v2\/users\/1"}],"replies":[{"embeddable":true,"href":"http:\/\/www.paliria.org\/wp\/index.php?rest_route=%2Fwp%2Fv2%2Fcomments&post=355"}],"version-history":[{"count":19,"href":"http:\/\/www.paliria.org\/wp\/index.php?rest_route=\/wp\/v2\/pages\/355\/revisions"}],"predecessor-version":[{"id":679,"href":"http:\/\/www.paliria.org\/wp\/index.php?rest_route=\/wp\/v2\/pages\/355\/revisions\/679"}],"wp:attachment":[{"href":"http:\/\/www.paliria.org\/wp\/index.php?rest_route=%2Fwp%2Fv2%2Fmedia&parent=355"}],"curies":[{"name":"wp","href":"https:\/\/api.w.org\/{rel}","templated":true}]}}