{"id":364,"date":"2014-01-12T20:08:08","date_gmt":"2014-01-12T19:08:08","guid":{"rendered":"http:\/\/www.paliria.org\/wp\/?page_id=364"},"modified":"2019-07-11T08:30:50","modified_gmt":"2019-07-11T06:30:50","slug":"base-adherent","status":"publish","type":"page","link":"http:\/\/www.paliria.org\/wp\/?page_id=364","title":{"rendered":"Journal de Groupe"},"content":{"rendered":"<div id=\"pageBlanche\">\n<div align=\"center\">\n<h4 style=\"text-align: left;\"><a href=\"http:\/\/www.paliria.org\/wp\/wp-content\/uploads\/2014\/01\/1-Pos\u00e9\u00efdon-N\u00b01-mars-1978.pdf\">1-Pos\u00e9\u00efdon N\u00b01 mars 1978<\/a><br \/>\n<a href=\"http:\/\/www.paliria.org\/wp\/wp-content\/uploads\/2014\/01\/2-Pos\u00e9\u00efdon-N\u00b02-mai-1978.pdf\">2-Pos\u00e9\u00efdon N\u00b02 mai 1978<\/a><br \/>\n<a href=\"http:\/\/www.paliria.org\/wp\/wp-content\/uploads\/2014\/01\/3-Pose\u00efdon-N\u00b03-mars-1979.pdf\">3-Pose\u00efdon N\u00b03 mars 1979<\/a><br \/>\n<a href=\"http:\/\/www.paliria.org\/wp\/wp-content\/uploads\/2014\/01\/4-Pos\u00e9\u00efdon-N\u00b04-mai-1979.pdf\">4-Pos\u00e9\u00efdon N\u00b04 mai 1979<\/a><br \/>\n<a href=\"http:\/\/www.paliria.org\/wp\/wp-content\/uploads\/2014\/01\/5-Pos\u00e9\u00efdon-N\u00b05-2\u00e8me-sem-1979.pdf\">5-Pos\u00e9\u00efdon N\u00b05 2\u00e8me sem 1979<\/a><br \/>\n<a href=\"http:\/\/www.paliria.org\/wp\/wp-content\/uploads\/2014\/01\/6-Pos\u00e9\u00efdon-N\u00b06-mars-1980.pdf\">6-Pos\u00e9\u00efdon N\u00b06 mars 1980<\/a><br \/>\n<a href=\"http:\/\/www.paliria.org\/wp\/wp-content\/uploads\/2014\/01\/7-Pos\u00e9\u00efdon-N\u00b07-nov-1980.pdf\">7-Pos\u00e9\u00efdon N\u00b07 nov 1980<\/a><br \/>\n<a href=\"http:\/\/www.paliria.org\/wp\/wp-content\/uploads\/2014\/01\/8-Pos\u00e9\u00efdon-N\u00b08-janv-1981.pdf\">8-Pos\u00e9\u00efdon N\u00b08 janv 1981<\/a><br \/>\n<a href=\"http:\/\/www.paliria.org\/wp\/wp-content\/uploads\/2014\/01\/9-Pos\u00e9\u00efdon-N\u00b09-mars-1981.pdf\">9-Pos\u00e9\u00efdon N\u00b09 mars 1981<\/a><br \/>\n<a href=\"http:\/\/www.paliria.org\/wp\/wp-content\/uploads\/2014\/01\/10-Pos\u00e9\u00efdon-N\u00b010-mai-1981.pdf\">10-Pos\u00e9\u00efdon N\u00b010 mai 1981<\/a><br \/>\n<a href=\"http:\/\/www.paliria.org\/wp\/wp-content\/uploads\/2014\/01\/11-Pos\u00e9\u00efdon-N\u00b011-d\u00e9c-1981.pdf\">11-Pos\u00e9\u00efdon N\u00b011 d\u00e9c 1981<\/a><br \/>\n<a href=\"http:\/\/www.paliria.org\/wp\/wp-content\/uploads\/2014\/01\/12-Pos\u00e9\u00efdon-N\u00b012-hiver-1982.pdf\">12-Pos\u00e9\u00efdon N\u00b012 hiver 1982<\/a><br \/>\n<a href=\"http:\/\/www.paliria.org\/wp\/wp-content\/uploads\/2014\/01\/13-Pos\u00e9\u00efdon-N\u00b013-Sp\u00e9cial-Paliria.pdf\">13-Pos\u00e9\u00efdon N\u00b013 Sp\u00e9cial Paliria<\/a><br \/>\n<a href=\"http:\/\/www.paliria.org\/wp\/wp-content\/uploads\/2014\/01\/14-Pos\u00e9\u00efdon-N\u00b014-janv-1983.pdf\">14-Pos\u00e9\u00efdon N\u00b014 janv 1983<\/a><br \/>\n<a href=\"http:\/\/www.paliria.org\/wp\/wp-content\/uploads\/2014\/01\/15-Pos\u00e9\u00efdon-N\u00b015-avr-1983.pdf\">15-Pos\u00e9\u00efdon N\u00b015 avr 1983<\/a><br \/>\n<a href=\"http:\/\/www.paliria.org\/wp\/wp-content\/uploads\/2014\/01\/16-Pos\u00e9\u00efdon-N\u00b016-juin-1983.pdf\">16-Pos\u00e9\u00efdon N\u00b016 juin 1983<\/a><br \/>\n<a href=\"http:\/\/www.paliria.org\/wp\/wp-content\/uploads\/2014\/01\/17-Pos\u00e9\u00efdon-N\u00b017-octobre-1983.pdf\">17-Pos\u00e9\u00efdon N\u00b017 octobre 1983<\/a><br \/>\n<a href=\"http:\/\/www.paliria.org\/wp\/wp-content\/uploads\/2014\/01\/18-Pos\u00e9\u00efdon-N\u00b018-hiver-1984.pdf\">18-Pos\u00e9\u00efdon N\u00b018 hiver 1984<\/a><br \/>\n<a href=\"http:\/\/www.paliria.org\/wp\/wp-content\/uploads\/2014\/01\/19-Pos\u00e9\u00efdon-N\u00b019-printemps-1984.pdf\">19-Pos\u00e9\u00efdon N\u00b019 printemps 1984<\/a><br \/>\n<a href=\"http:\/\/www.paliria.org\/wp\/wp-content\/uploads\/2014\/01\/20-Pos\u00e9\u00efdon-N\u00b020-automne-1984.pdf\">20-Pos\u00e9\u00efdon N\u00b020 automne 1984<\/a><br \/>\n<a href=\"http:\/\/www.paliria.org\/wp\/wp-content\/uploads\/2014\/01\/21-Pos\u00e9\u00efdon-N\u00b021-printemps-1985.pdf\">21-Pos\u00e9\u00efdon N\u00b021 printemps 1985<\/a><br \/>\n<a href=\"http:\/\/www.paliria.org\/wp\/wp-content\/uploads\/2014\/01\/22-Pos\u00e9\u00efdon-N\u00b022-automne-1985.pdf\">22-Pos\u00e9\u00efdon N\u00b022 automne 1985<\/a><br \/>\n<a href=\"http:\/\/www.paliria.org\/wp\/wp-content\/uploads\/2014\/01\/23-Pos\u00e9\u00efdon-N\u00b023-d\u00e9but-1986.pdf\">23-Pos\u00e9\u00efdon N\u00b023 d\u00e9but 1986<\/a><br \/>\n<a href=\"http:\/\/www.paliria.org\/wp\/wp-content\/uploads\/2014\/01\/24-Pos\u00e9\u00efdon-N\u00b024-printemps-1986.pdf\">24-Pos\u00e9\u00efdon N\u00b024 printemps 1986<\/a><br \/>\n<a href=\"http:\/\/www.paliria.org\/wp\/wp-content\/uploads\/2014\/01\/25-Pos\u00e9\u00efdon-N\u00b025-d\u00e9c-1986.pdf\">25-Pos\u00e9\u00efdon N\u00b025 d\u00e9c 1986<\/a><br \/>\n<a href=\"http:\/\/www.paliria.org\/wp\/wp-content\/uploads\/2014\/01\/26-Pos\u00e9\u00efdon-N\u00b026-mars-1987.pdf\">26-Pos\u00e9\u00efdon N\u00b026 mars 1987<\/a><br \/>\n<a href=\"http:\/\/www.paliria.org\/wp\/wp-content\/uploads\/2014\/01\/27-Pos\u00e9\u00efdon-N\u00b027-juin-1987.pdf\">27-Pos\u00e9\u00efdon N\u00b027 juin 1987<\/a><br \/>\n<a href=\"http:\/\/www.paliria.org\/wp\/wp-content\/uploads\/2014\/01\/28-Pos\u00e9\u00efdon-N\u00b028-octobre-1987.pdf\">28-Pos\u00e9\u00efdon N\u00b028 octobre 1987<\/a><br \/>\n<a href=\"http:\/\/www.paliria.org\/wp\/wp-content\/uploads\/2014\/01\/29-Pos\u00e9\u00efdon-N\u00b029-nov-1987.pdf\">29-Pos\u00e9\u00efdon N\u00b029 nov 1987<\/a><br \/>\n<a href=\"http:\/\/www.paliria.org\/wp\/wp-content\/uploads\/2014\/01\/30-Pos\u00e9\u00efdon-N\u00b030-juin-1988.pdf\">30-Pos\u00e9\u00efdon N\u00b030 juin 1988<\/a><br \/>\n<a href=\"http:\/\/www.paliria.org\/wp\/wp-content\/uploads\/2014\/01\/30-Scouts-Toujours-journal-louveteaux-N\u00b01-Fin-1988.pdf\">30&prime;-Scouts Toujours &#8211; journal louveteaux &#8211; N\u00b01 Fin 1988<\/a><br \/>\n<a href=\"http:\/\/www.paliria.org\/wp\/wp-content\/uploads\/2014\/01\/31-Pos\u00e9\u00efdon-N\u00b031-f\u00e9vrier-1989.pdf\">31-Pos\u00e9\u00efdon N\u00b031 f\u00e9vrier 1989<\/a><br \/>\n<a href=\"http:\/\/www.paliria.org\/wp\/wp-content\/uploads\/2014\/01\/32-Pos\u00e9\u00efdon-N\u00b032-mai-1989.pdf\">32-Pos\u00e9\u00efdon N\u00b032 mai 1989<\/a><br \/>\n<a href=\"http:\/\/www.paliria.org\/wp\/wp-content\/uploads\/2014\/01\/33-Pos\u00e9\u00efdon-N\u00b033-juin-1989.pdf\">33-Pos\u00e9\u00efdon N\u00b033 juin 1989<\/a><br \/>\n<a href=\"http:\/\/www.paliria.org\/wp\/wp-content\/uploads\/2014\/01\/34-Pos\u00e9\u00efdon-N\u00b034-d\u00e9cembre-1989.pdf\">34-Pos\u00e9\u00efdon N\u00b034 d\u00e9cembre 1989<\/a><br \/>\n<a href=\"http:\/\/www.paliria.org\/wp\/wp-content\/uploads\/2014\/01\/35-Pos\u00e9\u00efdon-N\u00b035-avril-1990.pdf\">35-Pos\u00e9\u00efdon N\u00b035 avril 1990<\/a><br \/>\n<a href=\"http:\/\/www.paliria.org\/wp\/wp-content\/uploads\/2014\/01\/36-Pos\u00e9\u00efdon-N\u00b036-juin-1990.pdf\">36-Pos\u00e9\u00efdon N\u00b036 juin 1990<\/a><br \/>\n<a href=\"http:\/\/www.paliria.org\/wp\/wp-content\/uploads\/2014\/01\/37-Pos\u00e9\u00efdon-N\u00b037-sept-1990-Sp\u00e9cial-Lourdes.pdf\">37-Pos\u00e9\u00efdon N\u00b037 sept 1990 Sp\u00e9cial Lourdes<\/a><br \/>\n<a href=\"http:\/\/www.paliria.org\/wp\/wp-content\/uploads\/2014\/01\/38-Pos\u00e9\u00efdon-N\u00b038-mars-1991.pdf\">38-Pos\u00e9\u00efdon N\u00b038 mars 1991<\/a><br \/>\n<a href=\"http:\/\/www.paliria.org\/wp\/wp-content\/uploads\/2014\/01\/39-Pos\u00e9\u00efdon-N\u00b039-nov-1991.pdf\">39-Pos\u00e9\u00efdon N\u00b039 nov 1991<\/a><br \/>\n<a href=\"http:\/\/www.paliria.org\/wp\/wp-content\/uploads\/2014\/01\/40-Pos\u00e9\u00efdon-N\u00b040-avril-1992.pdf\">40-Pos\u00e9\u00efdon N\u00b040 avril 1992<\/a><br \/>\n<a href=\"http:\/\/www.paliria.org\/wp\/wp-content\/uploads\/2014\/01\/41-Pos\u00e9\u00efdon-N\u00b041-juin-1992.pdf\">41-Pos\u00e9\u00efdon N\u00b041 juin 1992<\/a><br \/>\n<a href=\"http:\/\/www.paliria.org\/wp\/wp-content\/uploads\/2014\/01\/42-Pos\u00e9\u00efdon-N\u00b042-novembre-1992.pdf\">42-Pos\u00e9\u00efdon N\u00b042 novembre 1992<\/a><br \/>\n<a href=\"http:\/\/www.paliria.org\/wp\/wp-content\/uploads\/2014\/01\/43-Pos\u00e9\u00efdon-N\u00b043-avril-1993.pdf\">43-Pos\u00e9\u00efdon N\u00b043 avril 1993<\/a><br \/>\n<a href=\"http:\/\/www.paliria.org\/wp\/wp-content\/uploads\/2014\/01\/44-Pos\u00e9\u00efdon-N\u00b044-d\u00e9c-1993.pdf\">44-Pos\u00e9\u00efdon N\u00b044 d\u00e9c 1993<\/a><br \/>\n<a href=\"http:\/\/www.paliria.org\/wp\/wp-content\/uploads\/2014\/01\/45-Pos\u00e9\u00efdon-N\u00b045-janvier-1995.pdf\">45-Pos\u00e9\u00efdon N\u00b045 janvier 1995<\/a><br \/>\n<a href=\"http:\/\/www.paliria.org\/wp\/wp-content\/uploads\/2014\/01\/46-Pos\u00e9\u00efdon-N\u00b046-f\u00e9vrier-1995.pdf\">46-Pos\u00e9\u00efdon N\u00b046 f\u00e9vrier 1995<\/a><br \/>\n<a href=\"http:\/\/www.paliria.org\/wp\/wp-content\/uploads\/2014\/01\/47-Pos\u00e9\u00efdon-N\u00b047-juillet-1995.pdf\">47-Pos\u00e9\u00efdon N\u00b047 juillet 1995<\/a><br \/>\n<a href=\"http:\/\/www.paliria.org\/wp\/wp-content\/uploads\/2014\/01\/49-Pos\u00e9\u00efdon-N\u00b049-juillet-1999.pdf\">49-Pos\u00e9\u00efdon N\u00b049 juillet 1999<\/a><br \/>\n<a href=\"http:\/\/www.paliria.org\/wp\/wp-content\/uploads\/2014\/01\/50-Pos\u00e9\u00efdon-N\u00b050-novembre-1999.pdf\">50-Pos\u00e9\u00efdon N\u00b050 novembre 1999<\/a><br \/>\n<a href=\"http:\/\/www.paliria.org\/wp\/wp-content\/uploads\/2014\/01\/51-Pos\u00e9\u00efdon-N\u00b051-juin-2002.pdf\">51-Pos\u00e9\u00efdon N\u00b051 juin 2002<\/a><br \/>\n<a href=\"http:\/\/www.paliria.org\/wp\/wp-content\/uploads\/2014\/01\/52-Pos\u00e9\u00efdon-N\u00b052-juin-2003.pdf\">52-Pos\u00e9\u00efdon N\u00b052 juin 2003<\/a><br \/>\n<a href=\"http:\/\/www.paliria.org\/wp\/wp-content\/uploads\/2014\/01\/Poseidon-version-finale.pdf\">Poseidon n\u00b01 Mars 2014<\/a><\/h4>\n<h4 style=\"text-align: left;\"><a href=\"http:\/\/www.paliria.org\/wp\/wp-content\/uploads\/2014\/01\/poseidon-2-interactif.pdf\">Poseidon 2 Septembre 2014<\/a><\/h4>\n<p style=\"text-align: left;\"><a href=\"http:\/\/www.paliria.org\/wp\/wp-content\/uploads\/2014\/01\/poseidon-3-interactif.pdf\">Poseidon n\u00b03 mars 2015<\/a><\/p>\n<p style=\"text-align: left;\"><span style=\"text-decoration: underline;\"><span style=\"color: #0000ff; text-decoration: underline;\"><a href=\"http:\/\/www.paliria.org\/wp\/wp-content\/uploads\/2014\/01\/poseidon-4-Interactif.pdf\" target=\"_blank\" rel=\"noopener\">Poseidon n\u00b04 mars 2016<\/a><\/span><\/span><\/p>\n<h4 style=\"text-align: left;\"><a href=\"https:\/\/i0.wp.com\/www.paliria.org\/wp\/wp-content\/uploads\/2014\/01\/couverture-poseidon-2.jpg\"><img data-recalc-dims=\"1\" loading=\"lazy\" decoding=\"async\" class=\"wp-image-528 size-medium alignnone\" src=\"https:\/\/i0.wp.com\/www.paliria.org\/wp\/wp-content\/uploads\/2014\/01\/couverture-poseidon.jpg?resize=213%2C300\" alt=\"couverture poseidon\" width=\"213\" height=\"300\" \/><img data-recalc-dims=\"1\" loading=\"lazy\" decoding=\"async\" class=\"wp-image-609 size-medium alignnone\" src=\"https:\/\/i0.wp.com\/www.paliria.org\/wp\/wp-content\/uploads\/2014\/01\/couverture-poseidon-2.jpg?resize=212%2C300\" alt=\"couverture poseidon 2\" width=\"212\" height=\"300\" \/><img data-recalc-dims=\"1\" loading=\"lazy\" decoding=\"async\" class=\"wp-image-649 size-medium alignnone\" src=\"https:\/\/i0.wp.com\/www.paliria.org\/wp\/wp-content\/uploads\/2014\/01\/posseidon-3-couverture.jpg?resize=216%2C300\" alt=\"posseidon 3 couverture\" width=\"216\" height=\"300\" \/><\/a><a href=\"https:\/\/i0.wp.com\/www.paliria.org\/wp\/wp-content\/uploads\/2014\/01\/posseidon-4-couverture.jpg\"><img data-recalc-dims=\"1\" loading=\"lazy\" decoding=\"async\" class=\"aligncenter size-full wp-image-749\" src=\"https:\/\/i0.wp.com\/www.paliria.org\/wp\/wp-content\/uploads\/2014\/01\/posseidon-4-couverture.jpg?resize=426%2C602\" alt=\"posseidon 4 couverture\" width=\"426\" height=\"602\" \/><\/a><\/h4>\n<\/div>\n<\/div>\n","protected":false},"excerpt":{"rendered":"<p>1-Pos\u00e9\u00efdon N\u00b01 mars 1978 2-Pos\u00e9\u00efdon N\u00b02 mai 1978 3-Pose\u00efdon N\u00b03 mars 1979 4-Pos\u00e9\u00efdon N\u00b04 mai 1979 5-Pos\u00e9\u00efdon N\u00b05 2\u00e8me sem 1979 6-Pos\u00e9\u00efdon N\u00b06 mars 1980 7-Pos\u00e9\u00efdon N\u00b07 nov 1980 8-Pos\u00e9\u00efdon N\u00b08 janv 1981 9-Pos\u00e9\u00efdon N\u00b09 mars 1981 10-Pos\u00e9\u00efdon N\u00b010 mai 1981 11-Pos\u00e9\u00efdon N\u00b011 d\u00e9c 1981 12-Pos\u00e9\u00efdon N\u00b012 hiver 1982 13-Pos\u00e9\u00efdon N\u00b013 Sp\u00e9cial Paliria 14-Pos\u00e9\u00efdon N\u00b014 janv 1983 15-Pos\u00e9\u00efdon N\u00b015 avr 1983 16-Pos\u00e9\u00efdon N\u00b016 juin 1983 17-Pos\u00e9\u00efdon N\u00b017 octobre 1983 18-Pos\u00e9\u00efdon N\u00b018 hiver 1984 19-Pos\u00e9\u00efdon N\u00b019 printemps 1984 20-Pos\u00e9\u00efdon N\u00b020 automne&#8230;<\/p>\n<p class=\"read-more\"><a class=\"btn btn-default\" href=\"http:\/\/www.paliria.org\/wp\/?page_id=364\">Lire la suite<span class=\"screen-reader-text\"> Lire la suite<\/span><\/a><\/p>\n","protected":false},"author":1,"featured_media":0,"parent":0,"menu_order":10,"comment_status":"closed","ping_status":"open","template":"","meta":{"footnotes":""},"class_list":["post-364","page","type-page","status-publish","hentry"],"jetpack_sharing_enabled":true,"jetpack_shortlink":"https:\/\/wp.me\/P5AQp2-5S","jetpack_likes_enabled":true,"jetpack-related-posts":[],"_links":{"self":[{"href":"http:\/\/www.paliria.org\/wp\/index.php?rest_route=\/wp\/v2\/pages\/364","targetHints":{"allow":["GET"]}}],"collection":[{"href":"http:\/\/www.paliria.org\/wp\/index.php?rest_route=\/wp\/v2\/pages"}],"about":[{"href":"http:\/\/www.paliria.org\/wp\/index.php?rest_route=\/wp\/v2\/types\/page"}],"author":[{"embeddable":true,"href":"http:\/\/www.paliria.org\/wp\/index.php?rest_route=\/wp\/v2\/users\/1"}],"replies":[{"embeddable":true,"href":"http:\/\/www.paliria.org\/wp\/index.php?rest_route=%2Fwp%2Fv2%2Fcomments&post=364"}],"version-history":[{"count":1,"href":"http:\/\/www.paliria.org\/wp\/index.php?rest_route=\/wp\/v2\/pages\/364\/revisions"}],"predecessor-version":[{"id":654,"href":"http:\/\/www.paliria.org\/wp\/index.php?rest_route=\/wp\/v2\/pages\/364\/revisions\/654"}],"wp:attachment":[{"href":"http:\/\/www.paliria.org\/wp\/index.php?rest_route=%2Fwp%2Fv2%2Fmedia&parent=364"}],"curies":[{"name":"wp","href":"https:\/\/api.w.org\/{rel}","templated":true}]}}