{"id":433,"date":"2014-04-10T15:21:20","date_gmt":"2014-04-10T14:21:20","guid":{"rendered":"http:\/\/www.paliria.org\/wp\/?page_id=8"},"modified":"2019-07-18T18:54:52","modified_gmt":"2019-07-18T16:54:52","slug":"accueil","status":"publish","type":"page","link":"http:\/\/www.paliria.org\/wp\/","title":{"rendered":"Accueil"},"content":{"rendered":"<h2 style=\"text-align: center;\">\u00a0<span style=\"color: #003366;\">Les Guides et Scouts Marins de Bordeaux vous souhaitent la bienvenue sur leur base virtuelle.<\/span><\/h2>\n<p><a href=\"https:\/\/i0.wp.com\/www.paliria.org\/wp\/wp-content\/uploads\/2013\/06\/DSCF0833.jpg\"><img data-recalc-dims=\"1\" loading=\"lazy\" decoding=\"async\" class=\"size-medium wp-image-454 alignleft\" src=\"https:\/\/i0.wp.com\/www.paliria.org\/wp\/wp-content\/uploads\/2013\/06\/DSCF0833.jpg?resize=225%2C300\" alt=\"DSCF0833\" width=\"225\" height=\"300\" \/><\/a><\/p>\n<p>&nbsp;<\/p>\n<p style=\"text-align: justify;\"><span style=\"color: #003366;\">Cr\u00e9\u00e9 en 1946 par Jacques Michel, Le Groupe Marin de Bordeaux fait partie aujourd\u2019hui des Scouts et Guides de France, association qui a pour but de contribuer \u00e0 l&rsquo;\u00e9ducation des enfants et des jeunes et \u00e0 leur engagement dans la vie sociale selon le but, les principes et les m\u00e9thodes du Scoutisme.<\/span><\/p>\n<p style=\"text-align: justify;\"><span style=\"color: #003366;\">Il est\u00a0ouvert \u00e0 toutes et \u00e0 tous, sans distinction de nationalit\u00e9, de culture, d&rsquo;origine sociale ou de croyance.<\/span><\/p>\n<p style=\"text-align: justify;\"><span style=\"color: #003366;\">Les Scouts et Guides de France sont un mouvement de scoutisme qui propose aux jeunes filles et gar\u00e7ons un espace de vie qui r\u00e9pond \u00e0 leur besoin de r\u00eaver, d\u2019agir, de r\u00e9ussir leurs projets, de vivre en communaut\u00e9, de donner sens \u00e0 leur vie.<\/span><\/p>\n<p><span style=\"color: #3366ff;\"><b><span style=\"color: #003366;\">Le Groupe Marin de Bordeaux privil\u00e9gie le milieu maritime et l\u2019apprentissage de la navigation comme support d\u2019activit\u00e9s. Il permet de d\u00e9couvrir l\u2019estuaire de la Gironde et ses affluents, la Garonne et la Dordogne, par la navigation sur des vieux gr\u00e9ements.<\/span> <\/b><\/span><\/p>\n<p><span style=\"color: #003366;\">Le groupe compte aujourd\u2019hui 130 jeunes de 8 \u00e0 17 ans encadr\u00e9s par une vingtaine de chefs.<\/span><\/p>\n<p><span style=\"color: #003366;\">Suivant les \u00e2ges, ils naviguent sur diff\u00e9rents types d&#8217;embarcations : des pinassottes \u00e0 rames, des vieux gr\u00e9ements de type baleini\u00e8res, des habitables. La navigation est s\u00e9curis\u00e9e par des bateaux \u00e0 moteur.<\/span><\/p>\n<p><span style=\"color: #003366;\">Cette flotte de 22 bateaux est amarr\u00e9 sur un ponton rive droite quai de Queyries.<\/span><\/p>\n<p style=\"text-align: justify;\"><span style=\"color: #003366;\">Plusieurs b\u00e9n\u00e9voles, parents ou anciens scouts, g\u00e8rent le groupe avec un Responsable de Groupe.<b> <\/b><\/span><\/p>\n<p style=\"text-align: justify;\"><span style=\"color: #003366;\">Le fonctionnement annuel est assur\u00e9 par les inscriptions des familles et les dons.<\/span><\/p>\n<p style=\"text-align: justify;\"><span style=\"color: #003366;\"><a style=\"color: #003366;\" href=\"https:\/\/i0.wp.com\/www.paliria.org\/wp\/wp-content\/uploads\/2011\/03\/MARINS-5.jpg\"><img data-recalc-dims=\"1\" loading=\"lazy\" decoding=\"async\" class=\"size-medium wp-image-233 alignright\" src=\"https:\/\/i0.wp.com\/www.paliria.org\/wp\/wp-content\/uploads\/2011\/03\/MARINS-5.jpg?resize=300%2C225\" alt=\"MARINS 5\" width=\"300\" height=\"225\" \/><\/a><\/span><\/p>\n<p style=\"text-align: justify;\"><span style=\"color: #003366;\">Les recettes permettent au groupe de r\u00e9gler les adh\u00e9sions nationales au mouvement des Scouts et Guides de France, d\u2019assurer chaque jeune, d\u2019assurer et de louer les locaux, les bateaux, le ponton, de financer le mat\u00e9riel et les outils p\u00e9dagogiques, de car\u00e9ner les bateaux, d\u2019assurer la formation des chefs et des jeunes.<\/span><\/p>\n<p>&nbsp;<\/p>\n<p>&nbsp;<\/p>\n<p style=\"text-align: center;\"><span style=\"color: #ffffff;\"><a style=\"color: #ffffff;\" title=\"Site collaboratif\" href=\"http:\/\/scoutsmarinsbordeaux-public.sharepoint.com\" target=\"_blank\" rel=\"noopener\">Site collaboratif<\/a><\/span><\/p>\n<h6 style=\"text-align: justify;\"><em>Toutes les photos et les logos pr\u00e9sents sur ce site internet sont la propri\u00e9t\u00e9 de leurs auteurs. Ce site contient des images visibles publiquement sur lesquelles figurent des personnes, ces derni\u00e8res peuvent \u00e0 tout moment demander leur retrait du site en \u00e9crivant \u00e0 webmaster@paliria.org<\/em><\/h6>\n","protected":false},"excerpt":{"rendered":"<p>\u00a0Les Guides et Scouts Marins de Bordeaux vous souhaitent la bienvenue sur leur base virtuelle. &nbsp; Cr\u00e9\u00e9 en 1946 par Jacques Michel, Le Groupe Marin de Bordeaux fait partie aujourd\u2019hui des Scouts et Guides de France, association qui a pour but de contribuer \u00e0 l&rsquo;\u00e9ducation des enfants et des jeunes et \u00e0 leur engagement dans la vie sociale selon le but, les principes et les m\u00e9thodes du Scoutisme. Il est\u00a0ouvert \u00e0 toutes et \u00e0 tous, sans distinction de nationalit\u00e9, de&#8230;<\/p>\n<p class=\"read-more\"><a class=\"btn btn-default\" href=\"http:\/\/www.paliria.org\/wp\/\">Lire la suite<span class=\"screen-reader-text\"> Lire la suite<\/span><\/a><\/p>\n","protected":false},"author":1,"featured_media":0,"parent":0,"menu_order":1,"comment_status":"closed","ping_status":"open","template":"","meta":{"footnotes":""},"class_list":["post-433","page","type-page","status-publish","hentry"],"jetpack_sharing_enabled":true,"jetpack_shortlink":"https:\/\/wp.me\/P5AQp2-6Z","jetpack_likes_enabled":true,"jetpack-related-posts":[],"_links":{"self":[{"href":"http:\/\/www.paliria.org\/wp\/index.php?rest_route=\/wp\/v2\/pages\/433","targetHints":{"allow":["GET"]}}],"collection":[{"href":"http:\/\/www.paliria.org\/wp\/index.php?rest_route=\/wp\/v2\/pages"}],"about":[{"href":"http:\/\/www.paliria.org\/wp\/index.php?rest_route=\/wp\/v2\/types\/page"}],"author":[{"embeddable":true,"href":"http:\/\/www.paliria.org\/wp\/index.php?rest_route=\/wp\/v2\/users\/1"}],"replies":[{"embeddable":true,"href":"http:\/\/www.paliria.org\/wp\/index.php?rest_route=%2Fwp%2Fv2%2Fcomments&post=433"}],"version-history":[{"count":6,"href":"http:\/\/www.paliria.org\/wp\/index.php?rest_route=\/wp\/v2\/pages\/433\/revisions"}],"predecessor-version":[{"id":750,"href":"http:\/\/www.paliria.org\/wp\/index.php?rest_route=\/wp\/v2\/pages\/433\/revisions\/750"}],"wp:attachment":[{"href":"http:\/\/www.paliria.org\/wp\/index.php?rest_route=%2Fwp%2Fv2%2Fmedia&parent=433"}],"curies":[{"name":"wp","href":"https:\/\/api.w.org\/{rel}","templated":true}]}}