{"id":434,"date":"2013-06-03T15:23:45","date_gmt":"2013-06-03T14:23:45","guid":{"rendered":"http:\/\/www.paliria.org\/wp\/?page_id=11"},"modified":"2019-07-11T08:29:00","modified_gmt":"2019-07-11T06:29:00","slug":"les-rondes-jeannettes","status":"publish","type":"page","link":"http:\/\/www.paliria.org\/wp\/?page_id=434","title":{"rendered":"Les Jeannettes"},"content":{"rendered":"<p><img data-recalc-dims=\"1\" loading=\"lazy\" decoding=\"async\" class=\"wp-image-152 alignleft\" title=\"jeannettes\" src=\"https:\/\/i0.wp.com\/www.paliria.org\/wp\/wp-content\/uploads\/2011\/03\/jeannettes.jpg?resize=300%2C200\" alt=\"\" width=\"300\" height=\"200\" \/><\/p>\n<p style=\"text-align: justify;\"><span style=\"color: #003366;\">Les jeannettes marines constituent une peuplade\u00a0de petites filles entre 8 et 12 ans; elles sont divis\u00e9es en plusieurs \u00ab\u00a0sizaines\u00a0\u00bb (petits groupes de 5 \u00e0 6 jeannettes) avec une sizeni\u00e8re et une sous-sizeni\u00e8re.<\/span><\/p>\n<p style=\"text-align: justify;\"><span style=\"color: #003366;\">Trop jeune encore pour navigueur, elles se retrouvent dans un local dans Bordeaux centre.<\/span><\/p>\n<p style=\"text-align: justify;\"><span style=\"color: #003366;\">Toutes leurs aventures imaginaires se passent dans la for\u00eat.<\/span><\/p>\n<p style=\"text-align: justify;\"><span style=\"color: #003366;\">Toute l&rsquo;ann\u00e9e les jeannettes explorent un th\u00e8me choisit en d\u00e9but d&rsquo;ann\u00e9e aboutissant sur un camp d&rsquo;environ une semaine l&rsquo;\u00e9t\u00e9.<\/span><\/p>\n<p style=\"text-align: justify;\"><span style=\"color: #003366;\">Chaque rencontre sur une journ\u00e9e ou sur un we entier est rythm\u00e9e par diff\u00e9rents jeux, activit\u00e9s manuelles, temps de reflexion\u00a0et de foi.<\/span><\/p>\n<p style=\"text-align: justify;\"><span style=\"color: #003366;\">Durant le camp, elles vivent\u00a0comme des robinsons cruso\u00e9 : elle\u00a0campent, les repas se font au feu de bois, la vaisselle se fait dans les cours d&rsquo;eau&#8230;. Elles\u00a0finissent chaque journ\u00e9e par une veill\u00e9e autour du feu\u00a0sous les \u00e9toiles, \u00e0 chanter et \u00e0 jouer en \u00e9quipes.<\/span><\/p>\n<p style=\"text-align: justify;\"><span style=\"color: #003366;\">Chaque journ\u00e9e, week-end ou camp sont des moments inoubliables pour les filles riches en aventures et en rires !!!<\/span><\/p>\n<p><a href=\"https:\/\/i0.wp.com\/www.paliria.org\/wp\/wp-content\/uploads\/2011\/03\/P1060696.jpg\"><img data-recalc-dims=\"1\" loading=\"lazy\" decoding=\"async\" class=\"size-medium wp-image-174 alignright\" title=\"P1060696\" src=\"https:\/\/i0.wp.com\/www.paliria.org\/wp\/wp-content\/uploads\/2011\/03\/P1060696.jpg?resize=225%2C300\" alt=\"\" width=\"225\" height=\"300\" \/><\/a><\/p>\n<p><a href=\"https:\/\/i0.wp.com\/www.paliria.org\/wp\/wp-content\/uploads\/2013\/06\/P1000376.jpg\"><img data-recalc-dims=\"1\" loading=\"lazy\" decoding=\"async\" class=\"aligncenter size-medium wp-image-295\" title=\"P1000376\" src=\"https:\/\/i0.wp.com\/www.paliria.org\/wp\/wp-content\/uploads\/2013\/06\/P1000376.jpg?resize=300%2C225\" alt=\"\" width=\"300\" height=\"225\" \/><\/a><\/p>\n","protected":false},"excerpt":{"rendered":"<p>Les jeannettes marines constituent une peuplade\u00a0de petites filles entre 8 et 12 ans; elles sont divis\u00e9es en plusieurs \u00ab\u00a0sizaines\u00a0\u00bb (petits groupes de 5 \u00e0 6 jeannettes) avec une sizeni\u00e8re et une sous-sizeni\u00e8re. Trop jeune encore pour navigueur, elles se retrouvent dans un local dans Bordeaux centre. Toutes leurs aventures imaginaires se passent dans la for\u00eat. Toute l&rsquo;ann\u00e9e les jeannettes explorent un th\u00e8me choisit en d\u00e9but d&rsquo;ann\u00e9e aboutissant sur un camp d&rsquo;environ une semaine l&rsquo;\u00e9t\u00e9. Chaque rencontre sur une journ\u00e9e ou&#8230;<\/p>\n<p class=\"read-more\"><a class=\"btn btn-default\" href=\"http:\/\/www.paliria.org\/wp\/?page_id=434\">Lire la suite<span class=\"screen-reader-text\"> Lire la suite<\/span><\/a><\/p>\n","protected":false},"author":1,"featured_media":0,"parent":0,"menu_order":2,"comment_status":"closed","ping_status":"open","template":"","meta":{"footnotes":""},"class_list":["post-434","page","type-page","status-publish","hentry"],"jetpack_sharing_enabled":true,"jetpack_shortlink":"https:\/\/wp.me\/P5AQp2-70","jetpack_likes_enabled":true,"jetpack-related-posts":[],"_links":{"self":[{"href":"http:\/\/www.paliria.org\/wp\/index.php?rest_route=\/wp\/v2\/pages\/434","targetHints":{"allow":["GET"]}}],"collection":[{"href":"http:\/\/www.paliria.org\/wp\/index.php?rest_route=\/wp\/v2\/pages"}],"about":[{"href":"http:\/\/www.paliria.org\/wp\/index.php?rest_route=\/wp\/v2\/types\/page"}],"author":[{"embeddable":true,"href":"http:\/\/www.paliria.org\/wp\/index.php?rest_route=\/wp\/v2\/users\/1"}],"replies":[{"embeddable":true,"href":"http:\/\/www.paliria.org\/wp\/index.php?rest_route=%2Fwp%2Fv2%2Fcomments&post=434"}],"version-history":[{"count":1,"href":"http:\/\/www.paliria.org\/wp\/index.php?rest_route=\/wp\/v2\/pages\/434\/revisions"}],"predecessor-version":[{"id":648,"href":"http:\/\/www.paliria.org\/wp\/index.php?rest_route=\/wp\/v2\/pages\/434\/revisions\/648"}],"wp:attachment":[{"href":"http:\/\/www.paliria.org\/wp\/index.php?rest_route=%2Fwp%2Fv2%2Fmedia&parent=434"}],"curies":[{"name":"wp","href":"https:\/\/api.w.org\/{rel}","templated":true}]}}