{"id":620,"date":"2019-07-09T06:39:41","date_gmt":"2019-07-09T04:39:41","guid":{"rendered":"http:\/\/www.paliria.org\/wp\/?page_id=620"},"modified":"2019-07-29T11:34:09","modified_gmt":"2019-07-29T09:34:09","slug":"informations-utiles","status":"publish","type":"page","link":"http:\/\/www.paliria.org\/wp\/?page_id=620","title":{"rendered":"Informations Utiles"},"content":{"rendered":"<p><a href=\"http:\/\/www.paliria.org\/wp\/wp-content\/uploads\/2019\/07\/sac-\u00e0-dos-hiver-\u00e9t\u00e9.pdf\">Liste des affaires pour le we<\/a><\/p>\n<p>&nbsp;<\/p>\n","protected":false},"excerpt":{"rendered":"<p>Liste des affaires pour le we &nbsp;<\/p>\n","protected":false},"author":2,"featured_media":0,"parent":355,"menu_order":0,"comment_status":"closed","ping_status":"closed","template":"","meta":{"footnotes":""},"class_list":["post-620","page","type-page","status-publish","hentry"],"jetpack_sharing_enabled":false,"jetpack_shortlink":"https:\/\/wp.me\/P5AQp2-a0","jetpack_likes_enabled":true,"jetpack-related-posts":[],"_links":{"self":[{"href":"http:\/\/www.paliria.org\/wp\/index.php?rest_route=\/wp\/v2\/pages\/620","targetHints":{"allow":["GET"]}}],"collection":[{"href":"http:\/\/www.paliria.org\/wp\/index.php?rest_route=\/wp\/v2\/pages"}],"about":[{"href":"http:\/\/www.paliria.org\/wp\/index.php?rest_route=\/wp\/v2\/types\/page"}],"author":[{"embeddable":true,"href":"http:\/\/www.paliria.org\/wp\/index.php?rest_route=\/wp\/v2\/users\/2"}],"replies":[{"embeddable":true,"href":"http:\/\/www.paliria.org\/wp\/index.php?rest_route=%2Fwp%2Fv2%2Fcomments&post=620"}],"version-history":[{"count":6,"href":"http:\/\/www.paliria.org\/wp\/index.php?rest_route=\/wp\/v2\/pages\/620\/revisions"}],"predecessor-version":[{"id":669,"href":"http:\/\/www.paliria.org\/wp\/index.php?rest_route=\/wp\/v2\/pages\/620\/revisions\/669"}],"up":[{"embeddable":true,"href":"http:\/\/www.paliria.org\/wp\/index.php?rest_route=\/wp\/v2\/pages\/355"}],"wp:attachment":[{"href":"http:\/\/www.paliria.org\/wp\/index.php?rest_route=%2Fwp%2Fv2%2Fmedia&parent=620"}],"curies":[{"name":"wp","href":"https:\/\/api.w.org\/{rel}","templated":true}]}}